{"id":123,"date":"2019-03-14T06:49:07","date_gmt":"2019-03-14T06:49:07","guid":{"rendered":"http:\/\/fuatsezgin.idu.edu.tr\/?page_id=123"},"modified":"2019-04-30T08:59:31","modified_gmt":"2019-04-30T08:59:31","slug":"duyurular","status":"publish","type":"page","link":"https:\/\/fuatsezgin.idu.edu.tr\/index.php\/duyurular\/","title":{"rendered":"DUYURULAR"},"content":{"rendered":"\n<h5 class=\"wp-block-heading\">*Birinci Uluslararas\u0131 Prof. Dr. Fuat Sezgin \u0130slam Bilim Tarihi Sempozyumu ayr\u0131nt\u0131l\u0131 bilgi i\u00e7in bkz. <\/h5>\n\n\n\n<p><blockquote class=\"wp-embedded-content\" data-secret=\"q79UlOb0sf\"><a href=\"http:\/\/www.fuatsezginsempozyumu.org\/\">Ana Sayfa<\/a><\/blockquote><iframe loading=\"lazy\" class=\"wp-embedded-content\" sandbox=\"allow-scripts\" security=\"restricted\" style=\"position: absolute; clip: rect(1px, 1px, 1px, 1px);\" src=\"http:\/\/www.fuatsezginsempozyumu.org\/embed\/#?secret=q79UlOb0sf\" data-secret=\"q79UlOb0sf\" width=\"600\" height=\"338\" title=\"&#8220;Ana Sayfa&#8221; &#8212; Birinci Uluslararas\u0131 Prof. Dr. Fuat Sezgin \u0130slam Bilim Tarihi Sempozyumu\" frameborder=\"0\" marginwidth=\"0\" marginheight=\"0\" scrolling=\"no\"><\/iframe><\/p>\n\n\n\n<p>\n30.04.20219\n\n<\/p>\n\n\n\n<p><a href=\"http:\/\/fz.idu.edu.tr\/index.php\/2019\/04\/30\/fuat-sezgin-islam-bilim-tarihi-arastirmalari-vakfi-prof-dr-fuat-sezgin-yili-koordinatoru-kirikkale-universitesi-ile-izmir-demokrasi-universitesi-arasinda-protokol-imzalandir\/\">Fuat Sezgin \u0130sl\u00e2m Bilim Tarihi Ara\u015ft\u0131rmalar\u0131 Vakf\u0131, Prof. Dr. Fuat  Sezgin Y\u0131l\u0131 Koordinat\u00f6r\u00fc K\u0131r\u0131kkale \u00dcniversitesi ile \u0130zmir Demokrasi  \u00dcniversitesi Aras\u0131nda Protokol \u0130mzaland\u0131.  <\/a>             <\/p>\n","protected":false},"excerpt":{"rendered":"<p>*Birinci Uluslararas\u0131 Prof. Dr. Fuat Sezgin \u0130slam Bilim Tarihi Sempozyumu ayr\u0131nt\u0131l\u0131 bilgi i\u00e7in bkz. Ana Sayfa 30.04.20219 Fuat Sezgin \u0130sl\u00e2m Bilim Tarihi Ara\u015ft\u0131rmalar\u0131 Vakf\u0131, Prof. Dr. Fuat Sezgin Y\u0131l\u0131 Koordinat\u00f6r\u00fc K\u0131r\u0131kkale \u00dcniversitesi ile \u0130zmir Demokrasi \u00dcniversitesi Aras\u0131nda Protokol \u0130mzaland\u0131.<\/p>\n","protected":false},"author":1,"featured_media":0,"parent":0,"menu_order":0,"comment_status":"closed","ping_status":"closed","template":"","meta":{"footnotes":""},"class_list":["post-123","page","type-page","status-publish","hentry"],"_links":{"self":[{"href":"https:\/\/fuatsezgin.idu.edu.tr\/index.php\/wp-json\/wp\/v2\/pages\/123","targetHints":{"allow":["GET"]}}],"collection":[{"href":"https:\/\/fuatsezgin.idu.edu.tr\/index.php\/wp-json\/wp\/v2\/pages"}],"about":[{"href":"https:\/\/fuatsezgin.idu.edu.tr\/index.php\/wp-json\/wp\/v2\/types\/page"}],"author":[{"embeddable":true,"href":"https:\/\/fuatsezgin.idu.edu.tr\/index.php\/wp-json\/wp\/v2\/users\/1"}],"replies":[{"embeddable":true,"href":"https:\/\/fuatsezgin.idu.edu.tr\/index.php\/wp-json\/wp\/v2\/comments?post=123"}],"version-history":[{"count":6,"href":"https:\/\/fuatsezgin.idu.edu.tr\/index.php\/wp-json\/wp\/v2\/pages\/123\/revisions"}],"predecessor-version":[{"id":175,"href":"https:\/\/fuatsezgin.idu.edu.tr\/index.php\/wp-json\/wp\/v2\/pages\/123\/revisions\/175"}],"wp:attachment":[{"href":"https:\/\/fuatsezgin.idu.edu.tr\/index.php\/wp-json\/wp\/v2\/media?parent=123"}],"curies":[{"name":"wp","href":"https:\/\/api.w.org\/{rel}","templated":true}]}}