{"id":36,"date":"2019-03-08T12:55:30","date_gmt":"2019-03-08T12:55:30","guid":{"rendered":"http:\/\/172.16.16.53\/?page_id=36"},"modified":"2019-03-08T12:55:30","modified_gmt":"2019-03-08T12:55:30","slug":"iibttm","status":"publish","type":"page","link":"https:\/\/fuatsezgin.idu.edu.tr\/index.php\/iibttm\/","title":{"rendered":"\u0130\u0130BTTM"},"content":{"rendered":"\n<p><strong>\u0130stanbul \u0130slam Bilim ve Teknoloji Tarihi M\u00fczesi<\/strong><\/p>\n\n\n\n<p>\u0130slam Bilim ve Teknoloji Tarihi M\u00fczesi, G\u00fclhane Park\u0131 i\u00e7erisinde Saray Sur Duvar\u0131na biti\u015fik Has Ah\u0131rlar Binas\u0131\u2019nda yer almaktad\u0131r. Has Ah\u0131r (\u0130stabl-\u0131 amire); Osmanl\u0131 D\u00f6nemi\u2019nde, padi\u015fah\u0131n ve yak\u0131n hizmetinde bulunan kimselerin atlar\u0131n\u0131n bulundu\u011fu ah\u0131rlara denilmi\u015ftir.<br> \u0130slam Bilim Tarih\u00e7isi Prof. Dr. Fuat Sezgin taraf\u0131ndan haz\u0131rlanan ve 24 May\u0131s 2008 y\u0131l\u0131nda a\u00e7\u0131lan m\u00fcze, K\u00fclt\u00fcr ve Turizm Bakanl\u0131\u011f\u0131, Frankfurt \u00dcniversitesi Arap \u0130slam Bilimleri Tarihi Enstit\u00fcs\u00fc, Prof. Dr. Fuat Sezgin, T\u00fcrkiye Bilimler Akademisi (TUBA) ve T\u00fcrkiye Bilimsel ve Teknolojik Ara\u015ft\u0131rmalar Kurumu (T\u00dcB\u0130TAK) aras\u0131nda 16.01.2007 tarihinde imzalanan protokole g\u00f6re faaliyet g\u00f6stermektedir.<br> 3500 m\u00b2 \u2019yi kapsayan sergi alan\u0131 ve toplam 570 adet alet, cihaz kopyalar\u0131, maket ve model koleksiyonu ile alan\u0131nda T\u00fcrkiye\u2019de ilk, Frankfurt\u2019tan sonra d\u00fcnyada ikinci \u00f6rnek te\u015fkil eden m\u00fcze olmas\u0131 a\u00e7\u0131s\u0131ndan \u00f6nem arz etmektedir.<br> M\u00fcze iki kattan olu\u015fmaktad\u0131r. \u00dcst katta; m\u00fcze ile ilgili \u00e7e\u015fitli g\u00f6rsellerin izlenebildi\u011fi Sinevizyon Salonu, Astronomi, Saat Teknolojisi, Denizcilik, Sava\u015f Teknolojisi ve T\u0131p B\u00f6l\u00fcm\u00fc bulunmaktad\u0131r. Alt katta ise, Madenler, Fizik, Matematik-Geometri, \u015eehircilik ve Mimari, Optik, Kimya ve son olarak da Co\u011frafya ile ilgili harita ve \u00e7e\u015fitli harita \u00e7izimlerinin sergilendi\u011fi b\u00f6l\u00fcm bulunmaktad\u0131r. Sergi salonlar\u0131n\u0131n tamam\u0131nda, \u0130slam bilim adamlar\u0131n\u0131n ortaya koyduklar\u0131 eserlerin model ve maketleri sergilenmektedir.<br> M\u00fczenin bah\u00e7e k\u0131sm\u0131nda ise, \u00fczerinde Halife el-Me\u2019mun\u2019un 9. Y\u00fczy\u0131lda yapt\u0131rd\u0131\u011f\u0131 D\u00fcnya Haritas\u0131n\u0131n kopyas\u0131 olan yerk\u00fcre ile 22 Haziran 2013 tarihinde a\u00e7\u0131lan \u0130bn-i Sina\u2019n\u0131n el-Kanun fi\u2019t-T\u0131bb kitab\u0131n\u0131n ikinci cildinde bahsedilen, t\u0131bbi bitkilerden 26\u2019 s\u0131n\u0131n bulundu\u011fu \u0130bn-i Sina Botanik Bah\u00e7esi yer almaktad\u0131r.<br> M\u00fcze te\u015fhir salonlar\u0131nda, El-\u0130drisi\u2019nin, Halife el-Me\u2019nun\u2019un haritas\u0131n\u0131 temel alarak \u00e7izdi\u011fi D\u00fcnya Haritas\u0131\u2019n\u0131n kopyas\u0131, Takiyeddin\u2019in 1559 y\u0131l\u0131nda yapt\u0131\u011f\u0131 Mekanik Saati, el-Cezeri\u2019nin (1200 y\u0131llar\u0131) kitab\u0131ndan Fil Saati ve Hacamat\u0131, Ebu Said Es-Siczi\u2019nin Planetaryum\u2019u, Abdurrahman e\u015f- Sufi\u2019nin g\u00f6k k\u00fcresi, H\u0131dr el-Hucendi\u2019nin Usturlab\u0131, 12. Y\u00fczy\u0131lda Abdurrahman el-Hazini taraf\u0131ndan yap\u0131lan su ve a\u011f\u0131rl\u0131k prensibine g\u00f6re \u00e7al\u0131\u015fan Dakika Terazisi, \u0130bn-i Sina\u2019n\u0131n el-Kanun fi\u2019t T\u0131p Kitab\u0131 gibi, daha bir\u00e7ok \u00f6nemli bilim adamlar\u0131n\u0131n, \u0130slam Medeniyetinin 9. ve 16. y\u00fczy\u0131llar aras\u0131ndaki yarat\u0131c\u0131l\u0131k d\u00f6neminde ger\u00e7ekle\u015ftirdi\u011fi baz\u0131 icatlar\u0131n kopyalar\u0131n\u0131n \u00f6rneklerini g\u00f6rmek m\u00fcmk\u00fcnd\u00fcr. Bu kopyalar\u0131n b\u00fcy\u00fck bir k\u0131sm\u0131, Frankfurt\u2019taki Johann Wolfgang Goethe \u00dcniversitesi\u2019ne ba\u011fl\u0131 Arap-\u0130slam Bilimleri Tarihi Enstit\u00fcs\u00fc taraf\u0131ndan, yaz\u0131l\u0131 kaynaklardaki tarif ve resimlere g\u00f6re, \u00e7ok k\u00fc\u00e7\u00fck bir k\u0131sm\u0131 ise g\u00fcn\u00fcm\u00fcze ula\u015fan eserlerin orijinallerine dayan\u0131larak yapt\u0131r\u0131lm\u0131\u015ft\u0131r.<br> Elli y\u0131l\u0131 a\u015fk\u0131n bir s\u00fcredir, ara\u015ft\u0131rmalar yaparak hayat\u0131n\u0131 \u0130slam bilim ve teknoloji tarihini tan\u0131tmaya adayan ve \u0130slam Bilim ve Teknoloji M\u00fczesi\u2019nin kurucusu Prof. Dr. Fuat Sezgin, orijinal kaynaklar \u00fczerinde yapt\u0131\u011f\u0131 ara\u015ft\u0131rma ve \u00e7al\u0131\u015fmalar\u0131yla bilim ve medeniyet tarihindeki geli\u015fmelerin birbirinden kopuk olmad\u0131\u011f\u0131n\u0131, aksine bir b\u00fct\u00fcnl\u00fck arz etti\u011fi g\u00f6r\u00fc\u015f\u00fcn\u00fc ta\u015f\u0131r.<br> \u0130slam Bilim ve Teknoloji Tarihi M\u00fczesi, bir taraftan bilimsel eserlerin estetik ve \u00f6\u011freticili\u011fi, di\u011fer yandan b\u0131rakt\u0131\u011f\u0131 intiba ve kazand\u0131rd\u0131\u011f\u0131 bilgi ile \u00f6zel bir etkileyici g\u00fcce sahip olmakla birlikte, ge\u00e7mi\u015fteki \u0130slam d\u00fcnyas\u0131n\u0131n bilimler tarihindeki s\u00fcreci de eserleri ve belgeleriyle ortaya koyarak bug\u00fcne ve gelece\u011fe \u0131\u015f\u0131k tutmaktad\u0131r. Ayr\u0131ca, bilim tarihi a\u00e7\u0131s\u0131ndan do\u011fu-bat\u0131 ilim k\u00fclt\u00fcr\u00fcn\u00fc birle\u015ftiren bir k\u00f6pr\u00fc niteli\u011fi ta\u015f\u0131mas\u0131 bak\u0131m\u0131ndan da gelecek ku\u015faklar i\u00e7in \u00f6nem te\u015fkil etmektedir.<br> Kaynak: <a href=\"http:\/\/www.ibttm.gov.tr\/TR-84340\/islam-bilim-ve-teknoloji-tarihi-muzesi.html\">http:\/\/www.ibttm.gov.tr\/TR-84340\/islam-bilim-ve-teknoloji-tarihi-muzesi.html<\/a><\/p>\n\n\n\n<p>M\u00fcze hakk\u0131nda detayl\u0131 bilgi ve g\u00f6rseller i\u00e7in bkz:<br>\nhttp:\/\/www.ibttm.gov.tr\/&nbsp;<br>\nhttp:\/\/www.ibtav.org\/<\/p>\n\n\n\n<p><a href=\"http:\/\/www.ibttm.gov.tr\/TR-84339\/muze.html\">http:\/\/www.ibttm.gov.tr\/TR-84339\/muze.html<\/a><\/p>\n\n\n\n<p><\/p>\n","protected":false},"excerpt":{"rendered":"<p>\u0130stanbul \u0130slam Bilim ve Teknoloji Tarihi M\u00fczesi \u0130slam Bilim ve Teknoloji Tarihi M\u00fczesi, G\u00fclhane Park\u0131 i\u00e7erisinde Saray Sur Duvar\u0131na biti\u015fik Has Ah\u0131rlar Binas\u0131\u2019nda yer almaktad\u0131r. Has Ah\u0131r (\u0130stabl-\u0131 amire); Osmanl\u0131 D\u00f6nemi\u2019nde, padi\u015fah\u0131n ve yak\u0131n hizmetinde bulunan kimselerin atlar\u0131n\u0131n bulundu\u011fu ah\u0131rlara denilmi\u015ftir. \u0130slam Bilim Tarih\u00e7isi Prof. Dr. Fuat Sezgin taraf\u0131ndan haz\u0131rlanan ve 24 May\u0131s 2008 y\u0131l\u0131nda a\u00e7\u0131lan m\u00fcze, K\u00fclt\u00fcr ve Turizm Bakanl\u0131\u011f\u0131, Frankfurt \u00dcniversitesi Arap \u0130slam Bilimleri Tarihi Enstit\u00fcs\u00fc, Prof. Dr. Fuat Sezgin, T\u00fcrkiye Bilimler Akademisi (TUBA) ve T\u00fcrkiye Bilimsel ve Teknolojik Ara\u015ft\u0131rmalar Kurumu (T\u00dcB\u0130TAK) aras\u0131nda 16.01.2007 tarihinde imzalanan protokole g\u00f6re faaliyet g\u00f6stermektedir. 3500 m\u00b2 \u2019yi kapsayan sergi alan\u0131 ve toplam 570 adet alet, cihaz kopyalar\u0131, maket ve model koleksiyonu ile alan\u0131nda T\u00fcrkiye\u2019de ilk, Frankfurt\u2019tan sonra d\u00fcnyada ikinci \u00f6rnek te\u015fkil eden m\u00fcze olmas\u0131 a\u00e7\u0131s\u0131ndan \u00f6nem arz etmektedir. M\u00fcze iki kattan olu\u015fmaktad\u0131r. \u00dcst katta; m\u00fcze ile ilgili \u00e7e\u015fitli g\u00f6rsellerin izlenebildi\u011fi Sinevizyon Salonu, Astronomi, Saat Teknolojisi, Denizcilik, Sava\u015f Teknolojisi ve T\u0131p B\u00f6l\u00fcm\u00fc bulunmaktad\u0131r. Alt katta ise, Madenler, Fizik, Matematik-Geometri, \u015eehircilik ve Mimari, Optik, Kimya ve son olarak da Co\u011frafya ile ilgili harita ve \u00e7e\u015fitli harita \u00e7izimlerinin sergilendi\u011fi b\u00f6l\u00fcm bulunmaktad\u0131r. Sergi salonlar\u0131n\u0131n tamam\u0131nda, \u0130slam bilim adamlar\u0131n\u0131n ortaya koyduklar\u0131 eserlerin model ve maketleri sergilenmektedir. M\u00fczenin bah\u00e7e k\u0131sm\u0131nda ise, \u00fczerinde Halife el-Me\u2019mun\u2019un 9. Y\u00fczy\u0131lda yapt\u0131rd\u0131\u011f\u0131 D\u00fcnya Haritas\u0131n\u0131n kopyas\u0131 olan yerk\u00fcre ile 22 Haziran 2013 tarihinde a\u00e7\u0131lan \u0130bn-i Sina\u2019n\u0131n el-Kanun fi\u2019t-T\u0131bb kitab\u0131n\u0131n ikinci cildinde bahsedilen, t\u0131bbi bitkilerden 26\u2019 s\u0131n\u0131n bulundu\u011fu \u0130bn-i Sina Botanik Bah\u00e7esi yer almaktad\u0131r. M\u00fcze te\u015fhir salonlar\u0131nda, El-\u0130drisi\u2019nin, Halife el-Me\u2019nun\u2019un haritas\u0131n\u0131 temel alarak \u00e7izdi\u011fi D\u00fcnya Haritas\u0131\u2019n\u0131n kopyas\u0131, Takiyeddin\u2019in 1559 y\u0131l\u0131nda yapt\u0131\u011f\u0131 Mekanik Saati, el-Cezeri\u2019nin (1200 y\u0131llar\u0131) kitab\u0131ndan Fil Saati ve Hacamat\u0131, Ebu Said Es-Siczi\u2019nin Planetaryum\u2019u, Abdurrahman e\u015f- Sufi\u2019nin g\u00f6k k\u00fcresi, H\u0131dr el-Hucendi\u2019nin Usturlab\u0131, 12. Y\u00fczy\u0131lda Abdurrahman el-Hazini taraf\u0131ndan yap\u0131lan su ve a\u011f\u0131rl\u0131k prensibine g\u00f6re \u00e7al\u0131\u015fan Dakika Terazisi, \u0130bn-i Sina\u2019n\u0131n el-Kanun fi\u2019t T\u0131p Kitab\u0131 gibi, daha bir\u00e7ok \u00f6nemli bilim adamlar\u0131n\u0131n, \u0130slam Medeniyetinin 9. ve 16. y\u00fczy\u0131llar aras\u0131ndaki yarat\u0131c\u0131l\u0131k d\u00f6neminde ger\u00e7ekle\u015ftirdi\u011fi baz\u0131 icatlar\u0131n kopyalar\u0131n\u0131n \u00f6rneklerini g\u00f6rmek m\u00fcmk\u00fcnd\u00fcr. Bu kopyalar\u0131n b\u00fcy\u00fck bir k\u0131sm\u0131, Frankfurt\u2019taki Johann Wolfgang Goethe \u00dcniversitesi\u2019ne ba\u011fl\u0131 Arap-\u0130slam Bilimleri Tarihi Enstit\u00fcs\u00fc taraf\u0131ndan, yaz\u0131l\u0131 kaynaklardaki tarif ve resimlere g\u00f6re, \u00e7ok k\u00fc\u00e7\u00fck bir k\u0131sm\u0131 ise g\u00fcn\u00fcm\u00fcze ula\u015fan eserlerin orijinallerine dayan\u0131larak yapt\u0131r\u0131lm\u0131\u015ft\u0131r. Elli y\u0131l\u0131 a\u015fk\u0131n bir s\u00fcredir, ara\u015ft\u0131rmalar yaparak hayat\u0131n\u0131 \u0130slam bilim ve teknoloji tarihini tan\u0131tmaya adayan ve \u0130slam Bilim ve Teknoloji M\u00fczesi\u2019nin kurucusu Prof. Dr. Fuat Sezgin, orijinal kaynaklar \u00fczerinde yapt\u0131\u011f\u0131 ara\u015ft\u0131rma ve \u00e7al\u0131\u015fmalar\u0131yla bilim ve medeniyet tarihindeki geli\u015fmelerin birbirinden kopuk olmad\u0131\u011f\u0131n\u0131, aksine bir b\u00fct\u00fcnl\u00fck arz etti\u011fi g\u00f6r\u00fc\u015f\u00fcn\u00fc ta\u015f\u0131r. \u0130slam Bilim ve Teknoloji Tarihi M\u00fczesi, bir taraftan bilimsel eserlerin estetik ve \u00f6\u011freticili\u011fi, di\u011fer yandan b\u0131rakt\u0131\u011f\u0131 intiba ve kazand\u0131rd\u0131\u011f\u0131 bilgi ile \u00f6zel bir etkileyici g\u00fcce sahip olmakla birlikte, ge\u00e7mi\u015fteki \u0130slam d\u00fcnyas\u0131n\u0131n bilimler tarihindeki s\u00fcreci de eserleri ve belgeleriyle ortaya koyarak bug\u00fcne ve gelece\u011fe \u0131\u015f\u0131k tutmaktad\u0131r. Ayr\u0131ca, bilim tarihi a\u00e7\u0131s\u0131ndan do\u011fu-bat\u0131 ilim k\u00fclt\u00fcr\u00fcn\u00fc birle\u015ftiren bir k\u00f6pr\u00fc niteli\u011fi ta\u015f\u0131mas\u0131 bak\u0131m\u0131ndan da gelecek ku\u015faklar i\u00e7in \u00f6nem te\u015fkil etmektedir. Kaynak: http:\/\/www.ibttm.gov.tr\/TR-84340\/islam-bilim-ve-teknoloji-tarihi-muzesi.html M\u00fcze hakk\u0131nda detayl\u0131 bilgi ve g\u00f6rseller i\u00e7in bkz: http:\/\/www.ibttm.gov.tr\/&nbsp; http:\/\/www.ibtav.org\/ http:\/\/www.ibttm.gov.tr\/TR-84339\/muze.html<\/p>\n","protected":false},"author":1,"featured_media":0,"parent":0,"menu_order":0,"comment_status":"closed","ping_status":"closed","template":"","meta":{"footnotes":""},"class_list":["post-36","page","type-page","status-publish","hentry"],"_links":{"self":[{"href":"https:\/\/fuatsezgin.idu.edu.tr\/index.php\/wp-json\/wp\/v2\/pages\/36","targetHints":{"allow":["GET"]}}],"collection":[{"href":"https:\/\/fuatsezgin.idu.edu.tr\/index.php\/wp-json\/wp\/v2\/pages"}],"about":[{"href":"https:\/\/fuatsezgin.idu.edu.tr\/index.php\/wp-json\/wp\/v2\/types\/page"}],"author":[{"embeddable":true,"href":"https:\/\/fuatsezgin.idu.edu.tr\/index.php\/wp-json\/wp\/v2\/users\/1"}],"replies":[{"embeddable":true,"href":"https:\/\/fuatsezgin.idu.edu.tr\/index.php\/wp-json\/wp\/v2\/comments?post=36"}],"version-history":[{"count":1,"href":"https:\/\/fuatsezgin.idu.edu.tr\/index.php\/wp-json\/wp\/v2\/pages\/36\/revisions"}],"predecessor-version":[{"id":37,"href":"https:\/\/fuatsezgin.idu.edu.tr\/index.php\/wp-json\/wp\/v2\/pages\/36\/revisions\/37"}],"wp:attachment":[{"href":"https:\/\/fuatsezgin.idu.edu.tr\/index.php\/wp-json\/wp\/v2\/media?parent=36"}],"curies":[{"name":"wp","href":"https:\/\/api.w.org\/{rel}","templated":true}]}}