{"id":84,"date":"2019-03-11T05:46:27","date_gmt":"2019-03-11T05:46:27","guid":{"rendered":"http:\/\/172.16.16.53\/?page_id=84"},"modified":"2019-03-11T07:26:04","modified_gmt":"2019-03-11T07:26:04","slug":"iletisim","status":"publish","type":"page","link":"https:\/\/fuatsezgin.idu.edu.tr\/index.php\/iletisim\/","title":{"rendered":"\u0130LET\u0130\u015e\u0130M"},"content":{"rendered":"\n<p> <br>Dr. \u00d6\u011fr. \u00dcyesi Beral Alac\u0131 <\/p>\n\n\n\n<p>\u0130zmir Demokrasi \u00dcniversitesi &#8220;2019 Prof.Dr. Fuat Sezgin Y\u0131l\u0131&#8221; Etkinlikleri Koordinat\u00f6r\u00fc  <\/p>\n\n\n\n<p>Adres: \u00dc\u00e7kuyular Mahallesi, G\u00fcrsel Aksel Bulvar\u0131, No:14 35140 Karaba\u011flar\/\u0130ZM\u0130R<\/p>\n\n\n\n<p>Tel: +90 232 260 1001 (pbx)<\/p>\n\n\n\n<p>Faks: +90 232 260 1004<\/p>\n\n\n\n<p>E-Posta: iletisim@idu.edu.tr<\/p>\n","protected":false},"excerpt":{"rendered":"<p>Dr. \u00d6\u011fr. \u00dcyesi Beral Alac\u0131 \u0130zmir Demokrasi \u00dcniversitesi &#8220;2019 Prof.Dr. Fuat Sezgin Y\u0131l\u0131&#8221; Etkinlikleri Koordinat\u00f6r\u00fc Adres: \u00dc\u00e7kuyular Mahallesi, G\u00fcrsel Aksel Bulvar\u0131, No:14 35140 Karaba\u011flar\/\u0130ZM\u0130R Tel: +90 232 260 1001 (pbx) Faks: +90 232 260 1004 E-Posta: iletisim@idu.edu.tr<\/p>\n","protected":false},"author":1,"featured_media":0,"parent":0,"menu_order":0,"comment_status":"closed","ping_status":"closed","template":"","meta":{"footnotes":""},"class_list":["post-84","page","type-page","status-publish","hentry"],"_links":{"self":[{"href":"https:\/\/fuatsezgin.idu.edu.tr\/index.php\/wp-json\/wp\/v2\/pages\/84","targetHints":{"allow":["GET"]}}],"collection":[{"href":"https:\/\/fuatsezgin.idu.edu.tr\/index.php\/wp-json\/wp\/v2\/pages"}],"about":[{"href":"https:\/\/fuatsezgin.idu.edu.tr\/index.php\/wp-json\/wp\/v2\/types\/page"}],"author":[{"embeddable":true,"href":"https:\/\/fuatsezgin.idu.edu.tr\/index.php\/wp-json\/wp\/v2\/users\/1"}],"replies":[{"embeddable":true,"href":"https:\/\/fuatsezgin.idu.edu.tr\/index.php\/wp-json\/wp\/v2\/comments?post=84"}],"version-history":[{"count":3,"href":"https:\/\/fuatsezgin.idu.edu.tr\/index.php\/wp-json\/wp\/v2\/pages\/84\/revisions"}],"predecessor-version":[{"id":107,"href":"https:\/\/fuatsezgin.idu.edu.tr\/index.php\/wp-json\/wp\/v2\/pages\/84\/revisions\/107"}],"wp:attachment":[{"href":"https:\/\/fuatsezgin.idu.edu.tr\/index.php\/wp-json\/wp\/v2\/media?parent=84"}],"curies":[{"name":"wp","href":"https:\/\/api.w.org\/{rel}","templated":true}]}}